{"id":51,"date":"2015-05-22T11:09:08","date_gmt":"2015-05-22T09:09:08","guid":{"rendered":"https:\/\/www.goldtrans.de\/goldankauf-hamburg\/?page_id=51"},"modified":"2024-06-14T15:37:10","modified_gmt":"2024-06-14T13:37:10","slug":"kontakt-impressum","status":"publish","type":"page","link":"https:\/\/www.goldtrans.de\/goldankauf-hamburg\/kontakt-impressum","title":{"rendered":"Kontakt &#038; Impressum Goldtrans Goldankauf Hamburg"},"content":{"rendered":"<h2>Goldankauf Hamburg<\/h2>\n<p>Nehmen Sie mit uns Kontakt auf!<\/p>\n<p>Unsere Kontaktdaten:<br \/>\nGoldtrans Edelmetallhandel e.K.<br \/>\nAhrensburger Strasse 69 22041 Hamburg<br \/>\nTel.: 040 \/ 970 79 580 Fax.: 040 \/ 970 79 581<br \/>\nE-Mail: info@goldtrans.de<br \/>\nSie erreichen uns mit der Buslinie 9 (Wandsbek-Markt &#8211; Rahlstedt) (Haltestelle Kurf\u00fcrstenstra\u00dfe)<\/p>\n<p>\u00d6ffnungszeiten: Montag-Freitag : 9.30 &#8211; 18.00<br \/>\nDie Mittagspause liegt zwischen 12.00 &#8211; 13.00 Uhr.<br \/>\nGOLDTRANS Edelmetallhandel e.K.<\/p>\n<p>Inh. Tarkan Yilmaz<br \/>\nAhrensburger Strasse 69 22041 Hamburg<br \/>\nTel.: 040 970 79 580 \/ Fax.: 040 970 79 581<br \/>\nE-Mail: info@goldtrans.de<br \/>\nSt.-Nr.:51\/669\/00559<br \/>\nUst-Id Nr.:DE243307979<br \/>\nHandelsregister: Amtsgericht Hamburg HRA 110315<\/p>\n<p><iframe loading=\"lazy\" src=\"https:\/\/maps.google.de\/maps?q=goldankauf+hamburg&amp;ie=UTF8&amp;hq=goldankauf&amp;hnear=Hamburg&amp;ll=53.579245,10.098407&amp;spn=0.238582,0.793076&amp;t=m&amp;z=11&amp;iwloc=A&amp;ssa=1&amp;cid=8350520985776657412&amp;output=embed\" height=\"360\" width=\"450\" frameborder=\"0\" marginwidth=\"0\" marginheight=\"0\" scrolling=\"no\"><\/iframe><br \/>\n<small><a style=\"color: #0000ff; text-align: left;\" href=\"https:\/\/maps.google.de\/maps?q=goldankauf+hamburg&amp;ie=UTF8&amp;hq=goldankauf&amp;hnear=Hamburg&amp;ll=53.579245,10.098407&amp;spn=0.238582,0.793076&amp;t=m&amp;z=11&amp;iwloc=A&amp;ssa=1&amp;cid=8350520985776657412&amp;source=embed\">Gr\u00f6\u00dfere Kartenansicht<\/a><\/small><\/p>\n<h2><a title=\"Bus &amp; Und Bahn zu Goldankauf Hamburg\" href=\"http:\/\/fahrplan.hamburg.de\/jsf\/home_hhde.seam?startType=1&amp;destType=1&amp;destRegion=Hamburg&amp;destName=Ahrensburger+Stra%DFe+69\">Hvv-fahrplanauskunft &#8211; bus &amp; bahn<\/a><\/h2>\n<p>&nbsp;<\/p>\n","protected":false},"excerpt":{"rendered":"<p>Goldankauf Hamburg Nehmen Sie mit uns Kontakt auf! Unsere Kontaktdaten: Goldtrans Edelmetallhandel e.K. Ahrensburger Strasse 69 22041 Hamburg Tel.: 040 \/ 970 79 580 Fax.: 040 \/ 970 79 581 E-Mail: info@goldtrans.de Sie erreichen uns mit der Buslinie 9 (Wandsbek-Markt &#8211; Rahlstedt) (Haltestelle Kurf\u00fcrstenstra\u00dfe) \u00d6ffnungszeiten: Montag-Freitag : 9.30 &#8211; 18.00 Die Mittagspause liegt zwischen 12.00 [&hellip;]<\/p>\n","protected":false},"author":1,"featured_media":0,"parent":0,"menu_order":0,"comment_status":"closed","ping_status":"open","template":"","meta":[],"_links":{"self":[{"href":"https:\/\/www.goldtrans.de\/goldankauf-hamburg\/wp-json\/wp\/v2\/pages\/51"}],"collection":[{"href":"https:\/\/www.goldtrans.de\/goldankauf-hamburg\/wp-json\/wp\/v2\/pages"}],"about":[{"href":"https:\/\/www.goldtrans.de\/goldankauf-hamburg\/wp-json\/wp\/v2\/types\/page"}],"author":[{"embeddable":true,"href":"https:\/\/www.goldtrans.de\/goldankauf-hamburg\/wp-json\/wp\/v2\/users\/1"}],"replies":[{"embeddable":true,"href":"https:\/\/www.goldtrans.de\/goldankauf-hamburg\/wp-json\/wp\/v2\/comments?post=51"}],"version-history":[{"count":3,"href":"https:\/\/www.goldtrans.de\/goldankauf-hamburg\/wp-json\/wp\/v2\/pages\/51\/revisions"}],"predecessor-version":[{"id":89,"href":"https:\/\/www.goldtrans.de\/goldankauf-hamburg\/wp-json\/wp\/v2\/pages\/51\/revisions\/89"}],"wp:attachment":[{"href":"https:\/\/www.goldtrans.de\/goldankauf-hamburg\/wp-json\/wp\/v2\/media?parent=51"}],"curies":[{"name":"wp","href":"https:\/\/api.w.org\/{rel}","templated":true}]}}